{"id":68,"date":"2021-05-01T23:32:22","date_gmt":"2021-05-01T23:32:22","guid":{"rendered":"https:\/\/tecalitlan.setecmexico.com.mx\/?page_id=68"},"modified":"2021-07-16T00:04:08","modified_gmt":"2021-07-16T00:04:08","slug":"inicio","status":"publish","type":"page","link":"https:\/\/tecalitlan.setecmexico.com.mx\/","title":{"rendered":"INICIO"},"content":{"rendered":"\t\t<div data-elementor-type=\"wp-page\" data-elementor-id=\"68\" class=\"elementor elementor-68\">\n\t\t\t\t\t\t<section class=\"elementor-section elementor-top-section elementor-element elementor-element-1ca39f1 elementor-section-full_width elementor-section-height-min-height elementor-section-items-bottom elementor-section-height-default\" data-id=\"1ca39f1\" data-element_type=\"section\">\n\t\t\t\t\t\t<div class=\"elementor-container elementor-column-gap-no\">\n\t\t\t\t\t<div class=\"elementor-column elementor-col-100 elementor-top-column elementor-element elementor-element-4b61005\" data-id=\"4b61005\" data-element_type=\"column\">\n\t\t\t<div class=\"elementor-widget-wrap elementor-element-populated\">\n\t\t\t\t\t\t<div class=\"elementor-element elementor-element-3708f9d elementor--h-position-center elementor--v-position-middle elementor-arrows-position-inside elementor-widget elementor-widget-slides\" data-id=\"3708f9d\" data-element_type=\"widget\" data-settings=\"{&quot;navigation&quot;:&quot;arrows&quot;,&quot;autoplay_speed&quot;:3000,&quot;_animation&quot;:&quot;none&quot;,&quot;autoplay&quot;:&quot;yes&quot;,&quot;pause_on_hover&quot;:&quot;yes&quot;,&quot;pause_on_interaction&quot;:&quot;yes&quot;,&quot;infinite&quot;:&quot;yes&quot;,&quot;transition&quot;:&quot;slide&quot;,&quot;transition_speed&quot;:500}\" data-widget_type=\"slides.default\">\n\t\t\t\t<div class=\"elementor-widget-container\">\n\t\t\t\t\t<div class=\"elementor-swiper\">\n\t\t\t<div class=\"elementor-slides-wrapper elementor-main-swiper swiper-container\" dir=\"ltr\" data-animation=\"\">\n\t\t\t\t<div class=\"swiper-wrapper elementor-slides\">\n\t\t\t\t\t<div class=\"elementor-repeater-item-dd75b2f swiper-slide\"><div class=\"swiper-slide-bg\"><\/div><div class=\"swiper-slide-inner\" ><div class=\"swiper-slide-contents\"><\/div><\/div><\/div><div class=\"elementor-repeater-item-35530db swiper-slide\"><div class=\"swiper-slide-bg\"><\/div><div class=\"swiper-slide-inner\" ><div class=\"swiper-slide-contents\"><\/div><\/div><\/div><div class=\"elementor-repeater-item-53a9437 swiper-slide\"><div class=\"swiper-slide-bg\"><\/div><div class=\"swiper-slide-inner\" ><div class=\"swiper-slide-contents\"><\/div><\/div><\/div><div class=\"elementor-repeater-item-f80ea9f swiper-slide\"><div class=\"swiper-slide-bg\"><\/div><div class=\"swiper-slide-inner\" ><div class=\"swiper-slide-contents\"><\/div><\/div><\/div>\t\t\t\t<\/div>\n\t\t\t\t\t\t\t\t\t\t\t\t\t\t\t\t\t\t\t\t<div class=\"elementor-swiper-button elementor-swiper-button-prev\">\n\t\t\t\t\t\t\t<i class=\"eicon-chevron-left\" aria-hidden=\"true\"><\/i>\n\t\t\t\t\t\t\t<span class=\"elementor-screen-only\">Previous<\/span>\n\t\t\t\t\t\t<\/div>\n\t\t\t\t\t\t<div class=\"elementor-swiper-button elementor-swiper-button-next\">\n\t\t\t\t\t\t\t<i class=\"eicon-chevron-right\" aria-hidden=\"true\"><\/i>\n\t\t\t\t\t\t\t<span class=\"elementor-screen-only\">Next<\/span>\n\t\t\t\t\t\t<\/div>\n\t\t\t\t\t\t\t\t\t\t\t\t<\/div>\n\t\t<\/div>\n\t\t\t\t<\/div>\n\t\t\t\t<\/div>\n\t\t\t\t\t<\/div>\n\t\t<\/div>\n\t\t\t\t\t<\/div>\n\t\t<\/section>\n\t\t\t\t<section class=\"elementor-section elementor-top-section elementor-element elementor-element-52805df elementor-section-boxed elementor-section-height-default elementor-section-height-default\" data-id=\"52805df\" data-element_type=\"section\" data-settings=\"{&quot;shape_divider_bottom&quot;:&quot;mountains&quot;}\">\n\t\t\t\t\t<div class=\"elementor-shape elementor-shape-bottom\" data-negative=\"false\">\n\t\t\t<svg xmlns=\"http:\/\/www.w3.org\/2000\/svg\" viewBox=\"0 0 1000 100\" preserveAspectRatio=\"none\">\n\t<path class=\"elementor-shape-fill\" opacity=\"0.33\" d=\"M473,67.3c-203.9,88.3-263.1-34-320.3,0C66,119.1,0,59.7,0,59.7V0h1000v59.7 c0,0-62.1,26.1-94.9,29.3c-32.8,3.3-62.8-12.3-75.8-22.1C806,49.6,745.3,8.7,694.9,4.7S492.4,59,473,67.3z\"\/>\n\t<path class=\"elementor-shape-fill\" opacity=\"0.66\" d=\"M734,67.3c-45.5,0-77.2-23.2-129.1-39.1c-28.6-8.7-150.3-10.1-254,39.1 s-91.7-34.4-149.2,0C115.7,118.3,0,39.8,0,39.8V0h1000v36.5c0,0-28.2-18.5-92.1-18.5C810.2,18.1,775.7,67.3,734,67.3z\"\/>\n\t<path class=\"elementor-shape-fill\" d=\"M766.1,28.9c-200-57.5-266,65.5-395.1,19.5C242,1.8,242,5.4,184.8,20.6C128,35.8,132.3,44.9,89.9,52.5C28.6,63.7,0,0,0,0 h1000c0,0-9.9,40.9-83.6,48.1S829.6,47,766.1,28.9z\"\/>\n<\/svg>\t\t<\/div>\n\t\t\t\t\t<div class=\"elementor-container elementor-column-gap-default\">\n\t\t\t\t\t<div class=\"elementor-column elementor-col-100 elementor-top-column elementor-element elementor-element-05f2242\" data-id=\"05f2242\" data-element_type=\"column\">\n\t\t\t<div class=\"elementor-widget-wrap elementor-element-populated\">\n\t\t\t\t\t\t<div class=\"elementor-element elementor-element-2558d95 elementor-widget elementor-widget-text-editor\" data-id=\"2558d95\" data-element_type=\"widget\" data-widget_type=\"text-editor.default\">\n\t\t\t\t<div class=\"elementor-widget-container\">\n\t\t\t\t\t\t\t<p>En SETEC le brindamos una amplia oferta de productos en papeler\u00eda, tecnolog\u00eda, servicios y soluciones innovadoras a los mejores precios.<\/p>\t\t\t\t\t\t<\/div>\n\t\t\t\t<\/div>\n\t\t\t\t<div class=\"elementor-element elementor-element-e2c4bc0 elementor-widget elementor-widget-heading\" data-id=\"e2c4bc0\" data-element_type=\"widget\" data-widget_type=\"heading.default\">\n\t\t\t\t<div class=\"elementor-widget-container\">\n\t\t\t<h3 class=\"elementor-heading-title elementor-size-default\">Tecnolog\u00eda que Transforma<\/h3>\t\t<\/div>\n\t\t\t\t<\/div>\n\t\t\t\t<div class=\"elementor-element elementor-element-8a1042e elementor-widget elementor-widget-text-editor\" data-id=\"8a1042e\" data-element_type=\"widget\" data-widget_type=\"text-editor.default\">\n\t\t\t\t<div class=\"elementor-widget-container\">\n\t\t\t\t\t\t\t<h5>Nuestra Oferta de Valor es ofrecer un nivel de Alta Calidad en Productos y Servicios.<\/h5>\t\t\t\t\t\t<\/div>\n\t\t\t\t<\/div>\n\t\t\t\t\t<\/div>\n\t\t<\/div>\n\t\t\t\t\t<\/div>\n\t\t<\/section>\n\t\t\t\t<section class=\"elementor-section elementor-top-section elementor-element elementor-element-5585295 elementor-section-boxed elementor-section-height-default elementor-section-height-default\" data-id=\"5585295\" data-element_type=\"section\" data-settings=\"{&quot;background_background&quot;:&quot;classic&quot;}\">\n\t\t\t\t\t\t<div class=\"elementor-container elementor-column-gap-default\">\n\t\t\t\t\t<div class=\"elementor-column elementor-col-100 elementor-top-column elementor-element elementor-element-6293ab9\" data-id=\"6293ab9\" data-element_type=\"column\">\n\t\t\t<div class=\"elementor-widget-wrap\">\n\t\t\t\t\t\t\t<\/div>\n\t\t<\/div>\n\t\t\t\t\t<\/div>\n\t\t<\/section>\n\t\t\t\t<section class=\"elementor-section elementor-top-section elementor-element elementor-element-6016c37 elementor-section-full_width elementor-section-height-default elementor-section-height-default\" data-id=\"6016c37\" data-element_type=\"section\" data-settings=\"{&quot;background_background&quot;:&quot;classic&quot;}\">\n\t\t\t\t\t\t<div class=\"elementor-container elementor-column-gap-default\">\n\t\t\t\t\t<div class=\"elementor-column elementor-col-100 elementor-top-column elementor-element elementor-element-5641213\" data-id=\"5641213\" data-element_type=\"column\">\n\t\t\t<div class=\"elementor-widget-wrap elementor-element-populated\">\n\t\t\t\t\t\t<div class=\"elementor-element elementor-element-40673e7 elementor-widget elementor-widget-heading\" data-id=\"40673e7\" data-element_type=\"widget\" data-widget_type=\"heading.default\">\n\t\t\t\t<div class=\"elementor-widget-container\">\n\t\t\t<h3 class=\"elementor-heading-title elementor-size-default\">Productos y Servicios<\/h3>\t\t<\/div>\n\t\t\t\t<\/div>\n\t\t\t\t\t<\/div>\n\t\t<\/div>\n\t\t\t\t\t<\/div>\n\t\t<\/section>\n\t\t\t\t<section class=\"elementor-section elementor-top-section elementor-element elementor-element-365bc5d elementor-section-full_width elementor-section-height-default elementor-section-height-default\" data-id=\"365bc5d\" data-element_type=\"section\">\n\t\t\t\t\t\t<div class=\"elementor-container elementor-column-gap-default\">\n\t\t\t\t\t<div class=\"elementor-column elementor-col-33 elementor-top-column elementor-element elementor-element-1f259c7 elementor-invisible\" data-id=\"1f259c7\" data-element_type=\"column\" data-settings=\"{&quot;animation&quot;:&quot;fadeInDown&quot;}\">\n\t\t\t<div class=\"elementor-widget-wrap elementor-element-populated\">\n\t\t\t\t\t\t<div class=\"elementor-element elementor-element-10d9589 elementor-widget elementor-widget-image\" data-id=\"10d9589\" data-element_type=\"widget\" data-widget_type=\"image.default\">\n\t\t\t\t<div class=\"elementor-widget-container\">\n\t\t\t\t\t\t\t\t\t\t\t\t\t<img fetchpriority=\"high\" decoding=\"async\" width=\"512\" height=\"317\" src=\"https:\/\/tecalitlan.setecmexico.com.mx\/wp-content\/uploads\/2021\/05\/tecnologia-SETEC.jpg\" class=\"attachment-large size-large wp-image-143\" alt=\"tecnologia en tecalitlan\" srcset=\"https:\/\/tecalitlan.setecmexico.com.mx\/wp-content\/uploads\/2021\/05\/tecnologia-SETEC.jpg 512w, https:\/\/tecalitlan.setecmexico.com.mx\/wp-content\/uploads\/2021\/05\/tecnologia-SETEC-300x186.jpg 300w\" sizes=\"(max-width: 512px) 100vw, 512px\" \/>\t\t\t\t\t\t\t\t\t\t\t\t\t<\/div>\n\t\t\t\t<\/div>\n\t\t\t\t<div class=\"elementor-element elementor-element-dc5c30a elementor-widget elementor-widget-heading\" data-id=\"dc5c30a\" data-element_type=\"widget\" data-widget_type=\"heading.default\">\n\t\t\t\t<div class=\"elementor-widget-container\">\n\t\t\t<h2 class=\"elementor-heading-title elementor-size-default\">VENTA DE TECNOLOG\u00cdA<\/h2>\t\t<\/div>\n\t\t\t\t<\/div>\n\t\t\t\t<div class=\"elementor-element elementor-element-88fb26e elementor-widget elementor-widget-text-editor\" data-id=\"88fb26e\" data-element_type=\"widget\" data-widget_type=\"text-editor.default\">\n\t\t\t\t<div class=\"elementor-widget-container\">\n\t\t\t\t\t\t\t<p><span style=\"color: #123194; font-family: Ubuntu, sans-serif; text-align: center; white-space: pre-wrap;\">Encontrar\u00e1 un amplio cat\u00e1logo de Productos tecnol\u00f3gicos de excelente calidad a su alcance. Equipos de Computo eficientes e innovadores; Ideales para simplificar sus actividades diarias de Negocio u Oficina a precios Excepcionales.<\/span><\/p>\t\t\t\t\t\t<\/div>\n\t\t\t\t<\/div>\n\t\t\t\t\t<\/div>\n\t\t<\/div>\n\t\t\t\t<div class=\"elementor-column elementor-col-33 elementor-top-column elementor-element elementor-element-37bc003 elementor-invisible\" data-id=\"37bc003\" data-element_type=\"column\" data-settings=\"{&quot;background_background&quot;:&quot;classic&quot;,&quot;animation&quot;:&quot;zoomInUp&quot;}\">\n\t\t\t<div class=\"elementor-widget-wrap elementor-element-populated\">\n\t\t\t\t\t\t<div class=\"elementor-element elementor-element-87608bb elementor-widget elementor-widget-image\" data-id=\"87608bb\" data-element_type=\"widget\" data-widget_type=\"image.default\">\n\t\t\t\t<div class=\"elementor-widget-container\">\n\t\t\t\t\t\t\t\t\t\t\t\t\t<img decoding=\"async\" width=\"485\" height=\"354\" src=\"https:\/\/tecalitlan.setecmexico.com.mx\/wp-content\/uploads\/2021\/05\/papeleria-SETEC.jpg\" class=\"attachment-large size-large wp-image-141\" alt=\"\" srcset=\"https:\/\/tecalitlan.setecmexico.com.mx\/wp-content\/uploads\/2021\/05\/papeleria-SETEC.jpg 485w, https:\/\/tecalitlan.setecmexico.com.mx\/wp-content\/uploads\/2021\/05\/papeleria-SETEC-300x219.jpg 300w\" sizes=\"(max-width: 485px) 100vw, 485px\" \/>\t\t\t\t\t\t\t\t\t\t\t\t\t<\/div>\n\t\t\t\t<\/div>\n\t\t\t\t<div class=\"elementor-element elementor-element-4ad6955 elementor-widget elementor-widget-heading\" data-id=\"4ad6955\" data-element_type=\"widget\" data-widget_type=\"heading.default\">\n\t\t\t\t<div class=\"elementor-widget-container\">\n\t\t\t<h2 class=\"elementor-heading-title elementor-size-default\">PAPELERIA<\/h2>\t\t<\/div>\n\t\t\t\t<\/div>\n\t\t\t\t<div class=\"elementor-element elementor-element-c425723 elementor-widget elementor-widget-text-editor\" data-id=\"c425723\" data-element_type=\"widget\" data-widget_type=\"text-editor.default\">\n\t\t\t\t<div class=\"elementor-widget-container\">\n\t\t\t\t\t\t\t<p><span style=\"color: #123194; font-weight: 500; white-space: pre-wrap; font-size: 1rem;\">Encuentra Art\u00edculos de papeler\u00eda, Suministros de oficina, Art\u00edculos escolares, Cuadernos, Papeles extendidos, Copias, Impresiones digitales, Engargolados, Enmicados, las mejores marcas y los precios m\u00e1s competitivos del mercado solo en Papeler\u00eda e Insumos Tecnol\u00f3gicos SETEC<\/span><span style=\"color: #123194; font-family: Ubuntu, sans-serif; text-align: center; white-space: pre-wrap;\">.<\/span><\/p>\t\t\t\t\t\t<\/div>\n\t\t\t\t<\/div>\n\t\t\t\t\t<\/div>\n\t\t<\/div>\n\t\t\t\t<div class=\"elementor-column elementor-col-33 elementor-top-column elementor-element elementor-element-37ec323 elementor-invisible\" data-id=\"37ec323\" data-element_type=\"column\" data-settings=\"{&quot;animation&quot;:&quot;fadeInDown&quot;}\">\n\t\t\t<div class=\"elementor-widget-wrap elementor-element-populated\">\n\t\t\t\t\t\t<div class=\"elementor-element elementor-element-143d555 elementor-widget elementor-widget-image\" data-id=\"143d555\" data-element_type=\"widget\" data-widget_type=\"image.default\">\n\t\t\t\t<div class=\"elementor-widget-container\">\n\t\t\t\t\t\t\t\t\t\t\t\t\t<img decoding=\"async\" width=\"433\" height=\"310\" src=\"https:\/\/tecalitlan.setecmexico.com.mx\/wp-content\/uploads\/2021\/05\/Accesorios-SETEC.png\" class=\"attachment-large size-large wp-image-140\" alt=\"Accesorios de computadoras\" srcset=\"https:\/\/tecalitlan.setecmexico.com.mx\/wp-content\/uploads\/2021\/05\/Accesorios-SETEC.png 433w, https:\/\/tecalitlan.setecmexico.com.mx\/wp-content\/uploads\/2021\/05\/Accesorios-SETEC-300x215.png 300w\" sizes=\"(max-width: 433px) 100vw, 433px\" \/>\t\t\t\t\t\t\t\t\t\t\t\t\t<\/div>\n\t\t\t\t<\/div>\n\t\t\t\t<div class=\"elementor-element elementor-element-a53f776 elementor-widget elementor-widget-heading\" data-id=\"a53f776\" data-element_type=\"widget\" data-widget_type=\"heading.default\">\n\t\t\t\t<div class=\"elementor-widget-container\">\n\t\t\t<h2 class=\"elementor-heading-title elementor-size-default\">ACCESORIOS PARA COMPUTADORA<\/h2>\t\t<\/div>\n\t\t\t\t<\/div>\n\t\t\t\t<div class=\"elementor-element elementor-element-322438b elementor-widget elementor-widget-text-editor\" data-id=\"322438b\" data-element_type=\"widget\" data-widget_type=\"text-editor.default\">\n\t\t\t\t<div class=\"elementor-widget-container\">\n\t\t\t\t\t\t\t<p>Equipa tu computadora y laptop con los accesorios para Computaci\u00f3n que tenemos a la venta: Teclados inal\u00e1mbricos, Mouse, Memorias USB, Memorias microSD, SSD, Tintas para impresoras y dem\u00e1s consumibles<\/p>\t\t\t\t\t\t<\/div>\n\t\t\t\t<\/div>\n\t\t\t\t\t<\/div>\n\t\t<\/div>\n\t\t\t\t\t<\/div>\n\t\t<\/section>\n\t\t\t\t<section class=\"elementor-section elementor-top-section elementor-element elementor-element-0750880 elementor-section-full_width elementor-section-height-default elementor-section-height-default\" data-id=\"0750880\" data-element_type=\"section\">\n\t\t\t\t\t\t<div class=\"elementor-container elementor-column-gap-default\">\n\t\t\t\t\t<div class=\"elementor-column elementor-col-33 elementor-top-column elementor-element elementor-element-ee8a71c elementor-invisible\" data-id=\"ee8a71c\" data-element_type=\"column\" data-settings=\"{&quot;background_background&quot;:&quot;classic&quot;,&quot;animation&quot;:&quot;zoomIn&quot;}\">\n\t\t\t<div class=\"elementor-widget-wrap elementor-element-populated\">\n\t\t\t\t\t\t<div class=\"elementor-element elementor-element-976f68f elementor-widget elementor-widget-image\" data-id=\"976f68f\" data-element_type=\"widget\" data-widget_type=\"image.default\">\n\t\t\t\t<div class=\"elementor-widget-container\">\n\t\t\t\t\t\t\t\t\t\t\t\t\t<img loading=\"lazy\" decoding=\"async\" width=\"800\" height=\"600\" src=\"https:\/\/tecalitlan.setecmexico.com.mx\/wp-content\/uploads\/2021\/07\/Cyber3.jpeg\" class=\"attachment-large size-large wp-image-249\" alt=\"\" srcset=\"https:\/\/tecalitlan.setecmexico.com.mx\/wp-content\/uploads\/2021\/07\/Cyber3.jpeg 1024w, https:\/\/tecalitlan.setecmexico.com.mx\/wp-content\/uploads\/2021\/07\/Cyber3-300x225.jpeg 300w, https:\/\/tecalitlan.setecmexico.com.mx\/wp-content\/uploads\/2021\/07\/Cyber3-768x576.jpeg 768w\" sizes=\"(max-width: 800px) 100vw, 800px\" \/>\t\t\t\t\t\t\t\t\t\t\t\t\t<\/div>\n\t\t\t\t<\/div>\n\t\t\t\t<div class=\"elementor-element elementor-element-393c308 elementor-widget elementor-widget-heading\" data-id=\"393c308\" data-element_type=\"widget\" data-widget_type=\"heading.default\">\n\t\t\t\t<div class=\"elementor-widget-container\">\n\t\t\t<h2 class=\"elementor-heading-title elementor-size-default\">CIBER<\/h2>\t\t<\/div>\n\t\t\t\t<\/div>\n\t\t\t\t<div class=\"elementor-element elementor-element-0a62c47 elementor-widget elementor-widget-text-editor\" data-id=\"0a62c47\" data-element_type=\"widget\" data-widget_type=\"text-editor.default\">\n\t\t\t\t<div class=\"elementor-widget-container\">\n\t\t\t\t\t\t\t<p><span style=\"color: #123194; font-family: Ubuntu, sans-serif; text-align: center; white-space: pre-wrap;\">En la secci\u00f3n de Ciber podr\u00e1s disfrutar de una pel\u00edcula, diversos juegos o realizar alg\u00fan tramite pendiente. Ven y realiza tus tareas con una excelente banda ancha tanto de subida como de bajada. Adem\u00e1s, ven y disfruta de un rico caf\u00e9, un refresco o alg\u00fan snack mientras navegas en internet.<\/span><\/p>\t\t\t\t\t\t<\/div>\n\t\t\t\t<\/div>\n\t\t\t\t\t<\/div>\n\t\t<\/div>\n\t\t\t\t<div class=\"elementor-column elementor-col-33 elementor-top-column elementor-element elementor-element-29217f0 elementor-invisible\" data-id=\"29217f0\" data-element_type=\"column\" data-settings=\"{&quot;animation&quot;:&quot;zoomInUp&quot;}\">\n\t\t\t<div class=\"elementor-widget-wrap elementor-element-populated\">\n\t\t\t\t\t\t<div class=\"elementor-element elementor-element-f11169a elementor-widget elementor-widget-image\" data-id=\"f11169a\" data-element_type=\"widget\" data-widget_type=\"image.default\">\n\t\t\t\t<div class=\"elementor-widget-container\">\n\t\t\t\t\t\t\t\t\t\t\t\t\t<img loading=\"lazy\" decoding=\"async\" width=\"800\" height=\"600\" src=\"https:\/\/tecalitlan.setecmexico.com.mx\/wp-content\/uploads\/2021\/07\/paleteria1.jpg\" class=\"attachment-large size-large wp-image-250\" alt=\"Paleteria en tecalitlan\" srcset=\"https:\/\/tecalitlan.setecmexico.com.mx\/wp-content\/uploads\/2021\/07\/paleteria1.jpg 960w, https:\/\/tecalitlan.setecmexico.com.mx\/wp-content\/uploads\/2021\/07\/paleteria1-300x225.jpg 300w, https:\/\/tecalitlan.setecmexico.com.mx\/wp-content\/uploads\/2021\/07\/paleteria1-768x576.jpg 768w\" sizes=\"(max-width: 800px) 100vw, 800px\" \/>\t\t\t\t\t\t\t\t\t\t\t\t\t<\/div>\n\t\t\t\t<\/div>\n\t\t\t\t<div class=\"elementor-element elementor-element-ca96fe6 elementor-widget elementor-widget-heading\" data-id=\"ca96fe6\" data-element_type=\"widget\" data-widget_type=\"heading.default\">\n\t\t\t\t<div class=\"elementor-widget-container\">\n\t\t\t<h2 class=\"elementor-heading-title elementor-size-default\">PALETERIA<\/h2>\t\t<\/div>\n\t\t\t\t<\/div>\n\t\t\t\t<div class=\"elementor-element elementor-element-85266bf elementor-widget elementor-widget-text-editor\" data-id=\"85266bf\" data-element_type=\"widget\" data-widget_type=\"text-editor.default\">\n\t\t\t\t<div class=\"elementor-widget-container\">\n\t\t\t\t\t\t\t<p><span style=\"color: #123194; font-weight: 500; white-space: pre-wrap; font-size: 1rem;\">En este tiempo de calor ven y disfruta de una deliciosa paleta. Tenemos varios tama\u00f1os y sabores<\/span><span style=\"color: #123194; font-family: Ubuntu, sans-serif; text-align: center; white-space: pre-wrap;\">.<\/span><\/p><p><span style=\"color: #123194; font-family: Ubuntu, sans-serif; text-align: center; white-space: pre-wrap;\">Sandwich de helado, pay de lim\u00f3n y bolis.<\/span><\/p>\t\t\t\t\t\t<\/div>\n\t\t\t\t<\/div>\n\t\t\t\t\t<\/div>\n\t\t<\/div>\n\t\t\t\t<div class=\"elementor-column elementor-col-33 elementor-top-column elementor-element elementor-element-df5c23a elementor-invisible\" data-id=\"df5c23a\" data-element_type=\"column\" data-settings=\"{&quot;background_background&quot;:&quot;classic&quot;,&quot;animation&quot;:&quot;zoomIn&quot;}\">\n\t\t\t<div class=\"elementor-widget-wrap elementor-element-populated\">\n\t\t\t\t\t\t<div class=\"elementor-element elementor-element-0d0e44a elementor-widget elementor-widget-image\" data-id=\"0d0e44a\" data-element_type=\"widget\" data-widget_type=\"image.default\">\n\t\t\t\t<div class=\"elementor-widget-container\">\n\t\t\t\t\t\t\t\t\t\t\t\t\t<img decoding=\"async\" width=\"433\" height=\"310\" src=\"https:\/\/tecalitlan.setecmexico.com.mx\/wp-content\/uploads\/2021\/05\/Accesorios-SETEC.png\" class=\"attachment-large size-large wp-image-140\" alt=\"Accesorios de computadoras\" srcset=\"https:\/\/tecalitlan.setecmexico.com.mx\/wp-content\/uploads\/2021\/05\/Accesorios-SETEC.png 433w, https:\/\/tecalitlan.setecmexico.com.mx\/wp-content\/uploads\/2021\/05\/Accesorios-SETEC-300x215.png 300w\" sizes=\"(max-width: 433px) 100vw, 433px\" \/>\t\t\t\t\t\t\t\t\t\t\t\t\t<\/div>\n\t\t\t\t<\/div>\n\t\t\t\t<div class=\"elementor-element elementor-element-d2011ab elementor-widget elementor-widget-heading\" data-id=\"d2011ab\" data-element_type=\"widget\" data-widget_type=\"heading.default\">\n\t\t\t\t<div class=\"elementor-widget-container\">\n\t\t\t<h3 class=\"elementor-heading-title elementor-size-default\">REPARACI\u00d3N DE COMPUTADORAS<\/h3>\t\t<\/div>\n\t\t\t\t<\/div>\n\t\t\t\t<div class=\"elementor-element elementor-element-779a844 elementor-widget elementor-widget-text-editor\" data-id=\"779a844\" data-element_type=\"widget\" data-widget_type=\"text-editor.default\">\n\t\t\t\t<div class=\"elementor-widget-container\">\n\t\t\t\t\t\t\t<p>El mejor servicio de Mantenimiento y Reparaci\u00f3n de computadoras (laptop y PCs), impresoras.<\/p><p>Excelente servicio, somos especialistas.\u00a0<\/p>\t\t\t\t\t\t<\/div>\n\t\t\t\t<\/div>\n\t\t\t\t\t<\/div>\n\t\t<\/div>\n\t\t\t\t\t<\/div>\n\t\t<\/section>\n\t\t\t\t<section class=\"elementor-section elementor-top-section elementor-element elementor-element-27390d0 elementor-section-full_width elementor-section-height-default elementor-section-height-default\" data-id=\"27390d0\" data-element_type=\"section\">\n\t\t\t\t\t\t<div class=\"elementor-container elementor-column-gap-default\">\n\t\t\t\t\t<div class=\"elementor-column elementor-col-100 elementor-top-column elementor-element elementor-element-ba1ea71\" data-id=\"ba1ea71\" data-element_type=\"column\">\n\t\t\t<div class=\"elementor-widget-wrap elementor-element-populated\">\n\t\t\t\t\t\t<div class=\"elementor-element elementor-element-419cb3b elementor-widget elementor-widget-google_maps\" data-id=\"419cb3b\" data-element_type=\"widget\" data-widget_type=\"google_maps.default\">\n\t\t\t\t<div class=\"elementor-widget-container\">\n\t\t\t\t\t<div class=\"elementor-custom-embed\">\n\t\t\t<iframe loading=\"lazy\"\n\t\t\t\t\tsrc=\"https:\/\/maps.google.com\/maps?q=Hidalgo%20%23%20171A%2C%20Tecalitl%C3%A1n%20Jalisco&#038;t=m&#038;z=15&#038;output=embed&#038;iwloc=near\"\n\t\t\t\t\ttitle=\"Hidalgo # 171A, Tecalitl\u00e1n Jalisco\"\n\t\t\t\t\taria-label=\"Hidalgo # 171A, Tecalitl\u00e1n Jalisco\"\n\t\t\t><\/iframe>\n\t\t<\/div>\n\t\t\t\t<\/div>\n\t\t\t\t<\/div>\n\t\t\t\t\t<\/div>\n\t\t<\/div>\n\t\t\t\t\t<\/div>\n\t\t<\/section>\n\t\t\t\t<\/div>\n\t\t","protected":false},"excerpt":{"rendered":"<p>Previous Next En SETEC le brindamos una amplia oferta de productos en papeler\u00eda, tecnolog\u00eda, servicios y soluciones innovadoras a los mejores precios. Tecnolog\u00eda que Transforma Nuestra Oferta de Valor es ofrecer un nivel de Alta Calidad en Productos y Servicios. Productos y Servicios VENTA DE TECNOLOG\u00cdA Encontrar\u00e1 un amplio cat\u00e1logo de Productos tecnol\u00f3gicos de excelente [&hellip;]<\/p>\n","protected":false},"author":1,"featured_media":0,"parent":0,"menu_order":0,"comment_status":"closed","ping_status":"closed","template":"elementor_header_footer","meta":{"footnotes":""},"_links":{"self":[{"href":"https:\/\/tecalitlan.setecmexico.com.mx\/index.php\/wp-json\/wp\/v2\/pages\/68"}],"collection":[{"href":"https:\/\/tecalitlan.setecmexico.com.mx\/index.php\/wp-json\/wp\/v2\/pages"}],"about":[{"href":"https:\/\/tecalitlan.setecmexico.com.mx\/index.php\/wp-json\/wp\/v2\/types\/page"}],"author":[{"embeddable":true,"href":"https:\/\/tecalitlan.setecmexico.com.mx\/index.php\/wp-json\/wp\/v2\/users\/1"}],"replies":[{"embeddable":true,"href":"https:\/\/tecalitlan.setecmexico.com.mx\/index.php\/wp-json\/wp\/v2\/comments?post=68"}],"version-history":[{"count":175,"href":"https:\/\/tecalitlan.setecmexico.com.mx\/index.php\/wp-json\/wp\/v2\/pages\/68\/revisions"}],"predecessor-version":[{"id":429,"href":"https:\/\/tecalitlan.setecmexico.com.mx\/index.php\/wp-json\/wp\/v2\/pages\/68\/revisions\/429"}],"wp:attachment":[{"href":"https:\/\/tecalitlan.setecmexico.com.mx\/index.php\/wp-json\/wp\/v2\/media?parent=68"}],"curies":[{"name":"wp","href":"https:\/\/api.w.org\/{rel}","templated":true}]}}