{"id":54,"date":"2021-05-01T23:26:25","date_gmt":"2021-05-01T23:26:25","guid":{"rendered":"https:\/\/tecalitlan.setecmexico.com.mx\/?page_id=54"},"modified":"2021-07-13T01:34:35","modified_gmt":"2021-07-13T01:34:35","slug":"nosotros","status":"publish","type":"page","link":"https:\/\/tecalitlan.setecmexico.com.mx\/index.php\/nosotros\/","title":{"rendered":"Nosotros"},"content":{"rendered":"\t\t<div data-elementor-type=\"wp-page\" data-elementor-id=\"54\" class=\"elementor elementor-54\">\n\t\t\t\t\t\t<section class=\"elementor-section elementor-top-section elementor-element elementor-element-2caacd4 elementor-section-full_width elementor-section-height-default elementor-section-height-default\" data-id=\"2caacd4\" data-element_type=\"section\" data-settings=\"{&quot;background_background&quot;:&quot;classic&quot;}\">\n\t\t\t\t\t\t<div class=\"elementor-container elementor-column-gap-default\">\n\t\t\t\t\t<div class=\"elementor-column elementor-col-100 elementor-top-column elementor-element elementor-element-e4f7365\" data-id=\"e4f7365\" data-element_type=\"column\">\n\t\t\t<div class=\"elementor-widget-wrap elementor-element-populated\">\n\t\t\t\t\t\t<div class=\"elementor-element elementor-element-720bd2f elementor-widget elementor-widget-heading\" data-id=\"720bd2f\" data-element_type=\"widget\" data-widget_type=\"heading.default\">\n\t\t\t\t<div class=\"elementor-widget-container\">\n\t\t\t<h1 class=\"elementor-heading-title elementor-size-default\">SOLUCIONES EMPRESARIALES Y TECNOL\u00d3GICAS<\/h1>\t\t<\/div>\n\t\t\t\t<\/div>\n\t\t\t\t\t<\/div>\n\t\t<\/div>\n\t\t\t\t\t<\/div>\n\t\t<\/section>\n\t\t\t\t<section class=\"elementor-section elementor-top-section elementor-element elementor-element-b03f06f elementor-section-full_width elementor-section-height-default elementor-section-height-default\" data-id=\"b03f06f\" data-element_type=\"section\">\n\t\t\t\t\t\t<div class=\"elementor-container elementor-column-gap-default\">\n\t\t\t\t\t<div class=\"elementor-column elementor-col-100 elementor-top-column elementor-element elementor-element-656e3d4\" data-id=\"656e3d4\" data-element_type=\"column\">\n\t\t\t<div class=\"elementor-widget-wrap elementor-element-populated\">\n\t\t\t\t\t\t<div class=\"elementor-element elementor-element-a26b609 elementor-widget elementor-widget-image\" data-id=\"a26b609\" data-element_type=\"widget\" data-widget_type=\"image.default\">\n\t\t\t\t<div class=\"elementor-widget-container\">\n\t\t\t\t\t\t\t\t\t\t\t\t\t<img fetchpriority=\"high\" decoding=\"async\" width=\"800\" height=\"600\" src=\"https:\/\/tecalitlan.setecmexico.com.mx\/wp-content\/uploads\/2021\/05\/SETEC-PAPE.jpeg\" class=\"attachment-large size-large wp-image-149\" alt=\"papeler\u00eda en tecalitlan\" srcset=\"https:\/\/tecalitlan.setecmexico.com.mx\/wp-content\/uploads\/2021\/05\/SETEC-PAPE.jpeg 1024w, https:\/\/tecalitlan.setecmexico.com.mx\/wp-content\/uploads\/2021\/05\/SETEC-PAPE-300x225.jpeg 300w, https:\/\/tecalitlan.setecmexico.com.mx\/wp-content\/uploads\/2021\/05\/SETEC-PAPE-768x576.jpeg 768w\" sizes=\"(max-width: 800px) 100vw, 800px\" \/>\t\t\t\t\t\t\t\t\t\t\t\t\t<\/div>\n\t\t\t\t<\/div>\n\t\t\t\t\t<\/div>\n\t\t<\/div>\n\t\t\t\t\t<\/div>\n\t\t<\/section>\n\t\t\t\t<section class=\"elementor-section elementor-top-section elementor-element elementor-element-bd33daf elementor-section-boxed elementor-section-height-default elementor-section-height-default\" data-id=\"bd33daf\" data-element_type=\"section\">\n\t\t\t\t\t\t<div class=\"elementor-container elementor-column-gap-wider\">\n\t\t\t\t\t<div class=\"elementor-column elementor-col-50 elementor-top-column elementor-element elementor-element-05dff11\" data-id=\"05dff11\" data-element_type=\"column\">\n\t\t\t<div class=\"elementor-widget-wrap elementor-element-populated\">\n\t\t\t\t\t\t<div class=\"elementor-element elementor-element-26a0830 elementor-widget elementor-widget-text-editor\" data-id=\"26a0830\" data-element_type=\"widget\" data-widget_type=\"text-editor.default\">\n\t\t\t\t<div class=\"elementor-widget-container\">\n\t\t\t\t\t\t\t<p>Papeler\u00eda e Insumos Tecnol\u00f3gicos SETEC, forma parte del grupo de empresas SETEC, enfocada al ramo papelero, con la finalidad de ayudar a las familias Tecalitlenses a tener a su alcance tecnolog\u00eda de punta e insumos papeleros a los mejores precios.<\/p>\t\t\t\t\t\t<\/div>\n\t\t\t\t<\/div>\n\t\t\t\t\t<\/div>\n\t\t<\/div>\n\t\t\t\t<div class=\"elementor-column elementor-col-50 elementor-top-column elementor-element elementor-element-a1db663\" data-id=\"a1db663\" data-element_type=\"column\">\n\t\t\t<div class=\"elementor-widget-wrap elementor-element-populated\">\n\t\t\t\t\t\t<div class=\"elementor-element elementor-element-8764b7d elementor-widget elementor-widget-text-editor\" data-id=\"8764b7d\" data-element_type=\"widget\" data-widget_type=\"text-editor.default\">\n\t\t\t\t<div class=\"elementor-widget-container\">\n\t\t\t\t\t\t\t<p>Actualmente, Papeler\u00eda e Insumos Tecnol\u00f3gicos SETEC, con su primera sucursal en Tecalitl\u00e1n busca apoyar en la econom\u00eda del hogar, ofreciendo un excelente servicio y un amplio surtido de productos.<\/p><p>\u00a0<\/p>\t\t\t\t\t\t<\/div>\n\t\t\t\t<\/div>\n\t\t\t\t\t<\/div>\n\t\t<\/div>\n\t\t\t\t\t<\/div>\n\t\t<\/section>\n\t\t\t\t<\/div>\n\t\t","protected":false},"excerpt":{"rendered":"<p>SOLUCIONES EMPRESARIALES Y TECNOL\u00d3GICAS Papeler\u00eda e Insumos Tecnol\u00f3gicos SETEC, forma parte del grupo de empresas SETEC, enfocada al ramo papelero, con la finalidad de ayudar a las familias Tecalitlenses a tener a su alcance tecnolog\u00eda de punta e insumos papeleros a los mejores precios. Actualmente, Papeler\u00eda e Insumos Tecnol\u00f3gicos SETEC, con su primera sucursal en [&hellip;]<\/p>\n","protected":false},"author":1,"featured_media":0,"parent":0,"menu_order":0,"comment_status":"closed","ping_status":"closed","template":"","meta":{"footnotes":""},"_links":{"self":[{"href":"https:\/\/tecalitlan.setecmexico.com.mx\/index.php\/wp-json\/wp\/v2\/pages\/54"}],"collection":[{"href":"https:\/\/tecalitlan.setecmexico.com.mx\/index.php\/wp-json\/wp\/v2\/pages"}],"about":[{"href":"https:\/\/tecalitlan.setecmexico.com.mx\/index.php\/wp-json\/wp\/v2\/types\/page"}],"author":[{"embeddable":true,"href":"https:\/\/tecalitlan.setecmexico.com.mx\/index.php\/wp-json\/wp\/v2\/users\/1"}],"replies":[{"embeddable":true,"href":"https:\/\/tecalitlan.setecmexico.com.mx\/index.php\/wp-json\/wp\/v2\/comments?post=54"}],"version-history":[{"count":16,"href":"https:\/\/tecalitlan.setecmexico.com.mx\/index.php\/wp-json\/wp\/v2\/pages\/54\/revisions"}],"predecessor-version":[{"id":374,"href":"https:\/\/tecalitlan.setecmexico.com.mx\/index.php\/wp-json\/wp\/v2\/pages\/54\/revisions\/374"}],"wp:attachment":[{"href":"https:\/\/tecalitlan.setecmexico.com.mx\/index.php\/wp-json\/wp\/v2\/media?parent=54"}],"curies":[{"name":"wp","href":"https:\/\/api.w.org\/{rel}","templated":true}]}}