{"id":50,"date":"2021-05-01T23:26:25","date_gmt":"2021-05-01T23:26:25","guid":{"rendered":"https:\/\/tecalitlan.setecmexico.com.mx\/?page_id=50"},"modified":"2021-07-12T23:34:46","modified_gmt":"2021-07-12T23:34:46","slug":"servicios","status":"publish","type":"page","link":"https:\/\/tecalitlan.setecmexico.com.mx\/index.php\/servicios\/","title":{"rendered":"Servicios"},"content":{"rendered":"\t\t<div data-elementor-type=\"wp-page\" data-elementor-id=\"50\" class=\"elementor elementor-50\">\n\t\t\t\t\t\t<section class=\"elementor-section elementor-top-section elementor-element elementor-element-05b172a elementor-section-boxed elementor-section-height-default elementor-section-height-default\" data-id=\"05b172a\" data-element_type=\"section\" data-settings=\"{&quot;background_background&quot;:&quot;classic&quot;}\">\n\t\t\t\t\t\t\t<div class=\"elementor-background-overlay\"><\/div>\n\t\t\t\t\t\t\t<div class=\"elementor-container elementor-column-gap-default\">\n\t\t\t\t\t<div class=\"elementor-column elementor-col-100 elementor-top-column elementor-element elementor-element-7b7825f\" data-id=\"7b7825f\" data-element_type=\"column\" data-settings=\"{&quot;background_background&quot;:&quot;classic&quot;}\">\n\t\t\t<div class=\"elementor-widget-wrap elementor-element-populated\">\n\t\t\t\t\t<div class=\"elementor-background-overlay\"><\/div>\n\t\t\t\t\t\t<div class=\"elementor-element elementor-element-2c7e7a5 elementor-widget elementor-widget-heading\" data-id=\"2c7e7a5\" data-element_type=\"widget\" data-widget_type=\"heading.default\">\n\t\t\t\t<div class=\"elementor-widget-container\">\n\t\t\t<h1 class=\"elementor-heading-title elementor-size-default\">SERVICIOS:<\/h1>\t\t<\/div>\n\t\t\t\t<\/div>\n\t\t\t\t\t<\/div>\n\t\t<\/div>\n\t\t\t\t\t<\/div>\n\t\t<\/section>\n\t\t\t\t<section class=\"elementor-section elementor-top-section elementor-element elementor-element-feca869 elementor-section-full_width elementor-section-height-default elementor-section-height-default\" data-id=\"feca869\" data-element_type=\"section\">\n\t\t\t\t\t\t<div class=\"elementor-container elementor-column-gap-default\">\n\t\t\t\t\t<div class=\"elementor-column elementor-col-33 elementor-top-column elementor-element elementor-element-b777025\" data-id=\"b777025\" data-element_type=\"column\">\n\t\t\t<div class=\"elementor-widget-wrap elementor-element-populated\">\n\t\t\t\t\t\t<div class=\"elementor-element elementor-element-8cbe32c elementor-widget elementor-widget-heading\" data-id=\"8cbe32c\" data-element_type=\"widget\" data-widget_type=\"heading.default\">\n\t\t\t\t<div class=\"elementor-widget-container\">\n\t\t\t<h3 class=\"elementor-heading-title elementor-size-default\">CIBERCAF\u00c9<\/h3>\t\t<\/div>\n\t\t\t\t<\/div>\n\t\t\t\t<div class=\"elementor-element elementor-element-807a3fa elementor-widget elementor-widget-image\" data-id=\"807a3fa\" data-element_type=\"widget\" data-widget_type=\"image.default\">\n\t\t\t\t<div class=\"elementor-widget-container\">\n\t\t\t\t\t\t\t\t\t\t\t\t\t<img fetchpriority=\"high\" decoding=\"async\" width=\"800\" height=\"600\" src=\"https:\/\/tecalitlan.setecmexico.com.mx\/wp-content\/uploads\/2021\/05\/IMG_1827-1024x768.jpg\" class=\"attachment-large size-large wp-image-150\" alt=\"ciber en tecalitlan\" srcset=\"https:\/\/tecalitlan.setecmexico.com.mx\/wp-content\/uploads\/2021\/05\/IMG_1827-1024x768.jpg 1024w, https:\/\/tecalitlan.setecmexico.com.mx\/wp-content\/uploads\/2021\/05\/IMG_1827-300x225.jpg 300w, https:\/\/tecalitlan.setecmexico.com.mx\/wp-content\/uploads\/2021\/05\/IMG_1827-768x576.jpg 768w, https:\/\/tecalitlan.setecmexico.com.mx\/wp-content\/uploads\/2021\/05\/IMG_1827-1536x1152.jpg 1536w, https:\/\/tecalitlan.setecmexico.com.mx\/wp-content\/uploads\/2021\/05\/IMG_1827-2048x1536.jpg 2048w\" sizes=\"(max-width: 800px) 100vw, 800px\" \/>\t\t\t\t\t\t\t\t\t\t\t\t\t<\/div>\n\t\t\t\t<\/div>\n\t\t\t\t<div class=\"elementor-element elementor-element-7915929 elementor-widget elementor-widget-text-editor\" data-id=\"7915929\" data-element_type=\"widget\" data-widget_type=\"text-editor.default\">\n\t\t\t\t<div class=\"elementor-widget-container\">\n\t\t\t\t\t\t\t<p>Ofrecemos el Servicio de Ciber con la mejor banda ancha de bajada y subida.\u00a0 Realiza tus tareas con maquinas \u00e1giles y de buena velocidad.\u00a0\u00a0<\/p><p>Ven a ver alguna pel\u00edcula en Disney+ y disfruta de un rato agradable.<\/p>\t\t\t\t\t\t<\/div>\n\t\t\t\t<\/div>\n\t\t\t\t\t<\/div>\n\t\t<\/div>\n\t\t\t\t<div class=\"elementor-column elementor-col-33 elementor-top-column elementor-element elementor-element-3cda3ee\" data-id=\"3cda3ee\" data-element_type=\"column\">\n\t\t\t<div class=\"elementor-widget-wrap elementor-element-populated\">\n\t\t\t\t\t\t<div class=\"elementor-element elementor-element-446588b elementor-widget elementor-widget-heading\" data-id=\"446588b\" data-element_type=\"widget\" data-widget_type=\"heading.default\">\n\t\t\t\t<div class=\"elementor-widget-container\">\n\t\t\t<h3 class=\"elementor-heading-title elementor-size-default\">ACTAS DE NACIMIENTO<\/h3>\t\t<\/div>\n\t\t\t\t<\/div>\n\t\t\t\t<div class=\"elementor-element elementor-element-053c2fc elementor-widget elementor-widget-image\" data-id=\"053c2fc\" data-element_type=\"widget\" data-widget_type=\"image.default\">\n\t\t\t\t<div class=\"elementor-widget-container\">\n\t\t\t\t\t\t\t\t\t\t\t\t\t<img decoding=\"async\" width=\"277\" height=\"300\" src=\"https:\/\/tecalitlan.setecmexico.com.mx\/wp-content\/uploads\/2021\/07\/acta-nacimiento-277x300.png\" class=\"attachment-medium size-medium wp-image-310\" alt=\"papeleria en tecalitlan\" srcset=\"https:\/\/tecalitlan.setecmexico.com.mx\/wp-content\/uploads\/2021\/07\/acta-nacimiento-277x300.png 277w, https:\/\/tecalitlan.setecmexico.com.mx\/wp-content\/uploads\/2021\/07\/acta-nacimiento.png 623w\" sizes=\"(max-width: 277px) 100vw, 277px\" \/>\t\t\t\t\t\t\t\t\t\t\t\t\t<\/div>\n\t\t\t\t<\/div>\n\t\t\t\t<div class=\"elementor-element elementor-element-873051e elementor-widget elementor-widget-text-editor\" data-id=\"873051e\" data-element_type=\"widget\" data-widget_type=\"text-editor.default\">\n\t\t\t\t<div class=\"elementor-widget-container\">\n\t\t\t\t\t\t\t<p>Ofrecemos el Servicio de actas de nacimiento digitalizadas.\u00a0 Ven y podr\u00e1s obtener tu acta de nacimiento de cualquier estado del Pa\u00eds.<\/p>\t\t\t\t\t\t<\/div>\n\t\t\t\t<\/div>\n\t\t\t\t\t<\/div>\n\t\t<\/div>\n\t\t\t\t<div class=\"elementor-column elementor-col-33 elementor-top-column elementor-element elementor-element-6c6ebdc\" data-id=\"6c6ebdc\" data-element_type=\"column\">\n\t\t\t<div class=\"elementor-widget-wrap elementor-element-populated\">\n\t\t\t\t\t\t<div class=\"elementor-element elementor-element-cdab7a9 elementor-widget elementor-widget-heading\" data-id=\"cdab7a9\" data-element_type=\"widget\" data-widget_type=\"heading.default\">\n\t\t\t\t<div class=\"elementor-widget-container\">\n\t\t\t<h3 class=\"elementor-heading-title elementor-size-default\">VENTA DE TIEMPO AIRE<\/h3>\t\t<\/div>\n\t\t\t\t<\/div>\n\t\t\t\t<div class=\"elementor-element elementor-element-03e68b4 elementor-widget elementor-widget-image\" data-id=\"03e68b4\" data-element_type=\"widget\" data-widget_type=\"image.default\">\n\t\t\t\t<div class=\"elementor-widget-container\">\n\t\t\t\t\t\t\t\t\t\t\t\t\t<img decoding=\"async\" width=\"398\" height=\"381\" src=\"https:\/\/tecalitlan.setecmexico.com.mx\/wp-content\/uploads\/2021\/07\/Servicio-TA.png\" class=\"attachment-large size-large wp-image-318\" alt=\"ciber en tecalitlan\" srcset=\"https:\/\/tecalitlan.setecmexico.com.mx\/wp-content\/uploads\/2021\/07\/Servicio-TA.png 398w, https:\/\/tecalitlan.setecmexico.com.mx\/wp-content\/uploads\/2021\/07\/Servicio-TA-300x287.png 300w\" sizes=\"(max-width: 398px) 100vw, 398px\" \/>\t\t\t\t\t\t\t\t\t\t\t\t\t<\/div>\n\t\t\t\t<\/div>\n\t\t\t\t<div class=\"elementor-element elementor-element-0b4e628 elementor-widget elementor-widget-text-editor\" data-id=\"0b4e628\" data-element_type=\"widget\" data-widget_type=\"text-editor.default\">\n\t\t\t\t<div class=\"elementor-widget-container\">\n\t\t\t\t\t\t\t<p>Te ofrecemos Recargas de Tiempo Aire, para todas las compa\u00f1\u00edas (Telcel, Movistar, AT&amp;T, UNEFON, Virgin Mobile, Cierto, Alo, y m\u00e1s.&nbsp; Incluye todos los productos de datos, es decir paquetes de prepago e Internet.<\/p>\t\t\t\t\t\t<\/div>\n\t\t\t\t<\/div>\n\t\t\t\t\t<\/div>\n\t\t<\/div>\n\t\t\t\t\t<\/div>\n\t\t<\/section>\n\t\t\t\t<section class=\"elementor-section elementor-top-section elementor-element elementor-element-0bbedaa elementor-section-boxed elementor-section-height-default elementor-section-height-default\" data-id=\"0bbedaa\" data-element_type=\"section\">\n\t\t\t\t\t\t<div class=\"elementor-container elementor-column-gap-default\">\n\t\t\t\t\t<div class=\"elementor-column elementor-col-50 elementor-top-column elementor-element elementor-element-5b0ea4a\" data-id=\"5b0ea4a\" data-element_type=\"column\">\n\t\t\t<div class=\"elementor-widget-wrap elementor-element-populated\">\n\t\t\t\t\t\t<div class=\"elementor-element elementor-element-335daeb elementor-widget elementor-widget-heading\" data-id=\"335daeb\" data-element_type=\"widget\" data-widget_type=\"heading.default\">\n\t\t\t\t<div class=\"elementor-widget-container\">\n\t\t\t<h3 class=\"elementor-heading-title elementor-size-default\">REPARACI\u00d3N DE COMPUTADORAS<\/h3>\t\t<\/div>\n\t\t\t\t<\/div>\n\t\t\t\t<div class=\"elementor-element elementor-element-d88aebd elementor-widget elementor-widget-image\" data-id=\"d88aebd\" data-element_type=\"widget\" data-widget_type=\"image.default\">\n\t\t\t\t<div class=\"elementor-widget-container\">\n\t\t\t\t\t\t\t\t\t\t\t\t\t<img loading=\"lazy\" decoding=\"async\" width=\"700\" height=\"400\" src=\"https:\/\/tecalitlan.setecmexico.com.mx\/wp-content\/uploads\/2021\/07\/Taller-de-reparacion-de-computadoras.jpg\" class=\"attachment-large size-large wp-image-313\" alt=\"\" srcset=\"https:\/\/tecalitlan.setecmexico.com.mx\/wp-content\/uploads\/2021\/07\/Taller-de-reparacion-de-computadoras.jpg 700w, https:\/\/tecalitlan.setecmexico.com.mx\/wp-content\/uploads\/2021\/07\/Taller-de-reparacion-de-computadoras-300x171.jpg 300w\" sizes=\"(max-width: 700px) 100vw, 700px\" \/>\t\t\t\t\t\t\t\t\t\t\t\t\t<\/div>\n\t\t\t\t<\/div>\n\t\t\t\t<div class=\"elementor-element elementor-element-9b57000 elementor-widget elementor-widget-text-editor\" data-id=\"9b57000\" data-element_type=\"widget\" data-widget_type=\"text-editor.default\">\n\t\t\t\t<div class=\"elementor-widget-container\">\n\t\t\t\t\t\t\t<p>El mejor servicio de Mantenimiento y Reparaci\u00f3n de Computadoras (PCs o Laptops).\u00a0 Reparaci\u00f3n de Impresoras.<\/p>\t\t\t\t\t\t<\/div>\n\t\t\t\t<\/div>\n\t\t\t\t\t<\/div>\n\t\t<\/div>\n\t\t\t\t<div class=\"elementor-column elementor-col-50 elementor-top-column elementor-element elementor-element-6bc1327\" data-id=\"6bc1327\" data-element_type=\"column\">\n\t\t\t<div class=\"elementor-widget-wrap elementor-element-populated\">\n\t\t\t\t\t\t<div class=\"elementor-element elementor-element-aff1884 elementor-widget elementor-widget-heading\" data-id=\"aff1884\" data-element_type=\"widget\" data-widget_type=\"heading.default\">\n\t\t\t\t<div class=\"elementor-widget-container\">\n\t\t\t<h3 class=\"elementor-heading-title elementor-size-default\">CITAS PARA RECAUDADORA<\/h3>\t\t<\/div>\n\t\t\t\t<\/div>\n\t\t\t\t<div class=\"elementor-element elementor-element-3d46f26 elementor-widget elementor-widget-image\" data-id=\"3d46f26\" data-element_type=\"widget\" data-widget_type=\"image.default\">\n\t\t\t\t<div class=\"elementor-widget-container\">\n\t\t\t\t\t\t\t\t\t\t\t\t\t<img loading=\"lazy\" decoding=\"async\" width=\"800\" height=\"452\" src=\"https:\/\/tecalitlan.setecmexico.com.mx\/wp-content\/uploads\/2021\/07\/cita-recaudadora1-1024x578.png\" class=\"attachment-large size-large wp-image-312\" alt=\"ciber en tecalitlan\" srcset=\"https:\/\/tecalitlan.setecmexico.com.mx\/wp-content\/uploads\/2021\/07\/cita-recaudadora1-1024x578.png 1024w, https:\/\/tecalitlan.setecmexico.com.mx\/wp-content\/uploads\/2021\/07\/cita-recaudadora1-300x169.png 300w, https:\/\/tecalitlan.setecmexico.com.mx\/wp-content\/uploads\/2021\/07\/cita-recaudadora1-768x433.png 768w, https:\/\/tecalitlan.setecmexico.com.mx\/wp-content\/uploads\/2021\/07\/cita-recaudadora1.png 1159w\" sizes=\"(max-width: 800px) 100vw, 800px\" \/>\t\t\t\t\t\t\t\t\t\t\t\t\t<\/div>\n\t\t\t\t<\/div>\n\t\t\t\t<div class=\"elementor-element elementor-element-30cb1e6 elementor-widget elementor-widget-text-editor\" data-id=\"30cb1e6\" data-element_type=\"widget\" data-widget_type=\"text-editor.default\">\n\t\t\t\t<div class=\"elementor-widget-container\">\n\t\t\t\t\t\t\t<p>Tramitamos su cita en la recaudadora para cualquier tipo de tramite.<\/p>\t\t\t\t\t\t<\/div>\n\t\t\t\t<\/div>\n\t\t\t\t\t<\/div>\n\t\t<\/div>\n\t\t\t\t\t<\/div>\n\t\t<\/section>\n\t\t\t\t<section class=\"elementor-section elementor-top-section elementor-element elementor-element-ce4f473 elementor-section-full_width elementor-section-height-default elementor-section-height-default\" data-id=\"ce4f473\" data-element_type=\"section\">\n\t\t\t\t\t\t<div class=\"elementor-container elementor-column-gap-default\">\n\t\t\t\t\t<div class=\"elementor-column elementor-col-33 elementor-top-column elementor-element elementor-element-0a2f23e\" data-id=\"0a2f23e\" data-element_type=\"column\">\n\t\t\t<div class=\"elementor-widget-wrap elementor-element-populated\">\n\t\t\t\t\t\t<div class=\"elementor-element elementor-element-05333fd elementor-widget elementor-widget-heading\" data-id=\"05333fd\" data-element_type=\"widget\" data-widget_type=\"heading.default\">\n\t\t\t\t<div class=\"elementor-widget-container\">\n\t\t\t<h3 class=\"elementor-heading-title elementor-size-default\">PAGO DE SERVICIOS<\/h3>\t\t<\/div>\n\t\t\t\t<\/div>\n\t\t\t\t<div class=\"elementor-element elementor-element-a883331 elementor-widget elementor-widget-image\" data-id=\"a883331\" data-element_type=\"widget\" data-widget_type=\"image.default\">\n\t\t\t\t<div class=\"elementor-widget-container\">\n\t\t\t\t\t\t\t\t\t\t\t\t\t<img loading=\"lazy\" decoding=\"async\" width=\"400\" height=\"371\" src=\"https:\/\/tecalitlan.setecmexico.com.mx\/wp-content\/uploads\/2021\/07\/Pago-de-servicios.png\" class=\"attachment-large size-large wp-image-319\" alt=\"ciber en tecalitlan\" srcset=\"https:\/\/tecalitlan.setecmexico.com.mx\/wp-content\/uploads\/2021\/07\/Pago-de-servicios.png 400w, https:\/\/tecalitlan.setecmexico.com.mx\/wp-content\/uploads\/2021\/07\/Pago-de-servicios-300x278.png 300w\" sizes=\"(max-width: 400px) 100vw, 400px\" \/>\t\t\t\t\t\t\t\t\t\t\t\t\t<\/div>\n\t\t\t\t<\/div>\n\t\t\t\t<div class=\"elementor-element elementor-element-e8e4ac8 elementor-widget elementor-widget-text-editor\" data-id=\"e8e4ac8\" data-element_type=\"widget\" data-widget_type=\"text-editor.default\">\n\t\t\t\t<div class=\"elementor-widget-container\">\n\t\t\t\t\t\t\t<p>Recibimos cualquier tipo de pago de servicios nacionales, Recargas de peaje para autopistas, Pagos de venta de cat\u00e1logo y mucho m\u00e1s&#8230;<\/p>\t\t\t\t\t\t<\/div>\n\t\t\t\t<\/div>\n\t\t\t\t\t<\/div>\n\t\t<\/div>\n\t\t\t\t<div class=\"elementor-column elementor-col-33 elementor-top-column elementor-element elementor-element-e3b8b84\" data-id=\"e3b8b84\" data-element_type=\"column\">\n\t\t\t<div class=\"elementor-widget-wrap elementor-element-populated\">\n\t\t\t\t\t\t<div class=\"elementor-element elementor-element-fe93949 elementor-widget elementor-widget-heading\" data-id=\"fe93949\" data-element_type=\"widget\" data-widget_type=\"heading.default\">\n\t\t\t\t<div class=\"elementor-widget-container\">\n\t\t\t<h3 class=\"elementor-heading-title elementor-size-default\">IMPRESIONES DIGITALES<\/h3>\t\t<\/div>\n\t\t\t\t<\/div>\n\t\t\t\t<div class=\"elementor-element elementor-element-c933c37 elementor-widget elementor-widget-image\" data-id=\"c933c37\" data-element_type=\"widget\" data-widget_type=\"image.default\">\n\t\t\t\t<div class=\"elementor-widget-container\">\n\t\t\t\t\t\t\t\t\t\t\t\t\t<img loading=\"lazy\" decoding=\"async\" width=\"800\" height=\"535\" src=\"https:\/\/tecalitlan.setecmexico.com.mx\/wp-content\/uploads\/2021\/07\/impresion-digital-1024x685.jpg\" class=\"attachment-large size-large wp-image-329\" alt=\"papeleria en tecalitlan\" srcset=\"https:\/\/tecalitlan.setecmexico.com.mx\/wp-content\/uploads\/2021\/07\/impresion-digital-1024x685.jpg 1024w, https:\/\/tecalitlan.setecmexico.com.mx\/wp-content\/uploads\/2021\/07\/impresion-digital-300x201.jpg 300w, https:\/\/tecalitlan.setecmexico.com.mx\/wp-content\/uploads\/2021\/07\/impresion-digital-768x514.jpg 768w, https:\/\/tecalitlan.setecmexico.com.mx\/wp-content\/uploads\/2021\/07\/impresion-digital.jpg 1280w\" sizes=\"(max-width: 800px) 100vw, 800px\" \/>\t\t\t\t\t\t\t\t\t\t\t\t\t<\/div>\n\t\t\t\t<\/div>\n\t\t\t\t<div class=\"elementor-element elementor-element-135f77f elementor-widget elementor-widget-text-editor\" data-id=\"135f77f\" data-element_type=\"widget\" data-widget_type=\"text-editor.default\">\n\t\t\t\t<div class=\"elementor-widget-container\">\n\t\t\t\t\t\t\t<p>Impresiones digitales de alta calidad.\u00a0 Impresiones directas de un archivo digital a papel. Este proceso es ideal para proyectos de impresi\u00f3n de bajo volumen y tiempos de entrega sumamente cortos, ya que una de las principales ventajas que ofrecemos es la disponibilidad inmediata de las impresiones.<\/p><p>Imprimimos en diversos tipos de papel como son bond, opalina, cartulina, brillante, adherible, couch\u00e9, acetato.\u00a0 Ven y cotiza tu impresi\u00f3n con el tipo de papel favorito.<\/p>\t\t\t\t\t\t<\/div>\n\t\t\t\t<\/div>\n\t\t\t\t\t<\/div>\n\t\t<\/div>\n\t\t\t\t<div class=\"elementor-column elementor-col-33 elementor-top-column elementor-element elementor-element-ccc3d64\" data-id=\"ccc3d64\" data-element_type=\"column\">\n\t\t\t<div class=\"elementor-widget-wrap elementor-element-populated\">\n\t\t\t\t\t\t<div class=\"elementor-element elementor-element-545518b elementor-widget elementor-widget-heading\" data-id=\"545518b\" data-element_type=\"widget\" data-widget_type=\"heading.default\">\n\t\t\t\t<div class=\"elementor-widget-container\">\n\t\t\t<h3 class=\"elementor-heading-title elementor-size-default\">ESCANEO DE DOCUMENTO<\/h3>\t\t<\/div>\n\t\t\t\t<\/div>\n\t\t\t\t<div class=\"elementor-element elementor-element-50fee52 elementor-widget elementor-widget-image\" data-id=\"50fee52\" data-element_type=\"widget\" data-widget_type=\"image.default\">\n\t\t\t\t<div class=\"elementor-widget-container\">\n\t\t\t\t\t\t\t\t\t\t\t\t\t<img loading=\"lazy\" decoding=\"async\" width=\"800\" height=\"600\" src=\"https:\/\/tecalitlan.setecmexico.com.mx\/wp-content\/uploads\/2021\/07\/Escaneo-1024x768.jpg\" class=\"attachment-large size-large wp-image-330\" alt=\"papeleria en tecalitlan\" srcset=\"https:\/\/tecalitlan.setecmexico.com.mx\/wp-content\/uploads\/2021\/07\/Escaneo-1024x768.jpg 1024w, https:\/\/tecalitlan.setecmexico.com.mx\/wp-content\/uploads\/2021\/07\/Escaneo-300x225.jpg 300w, https:\/\/tecalitlan.setecmexico.com.mx\/wp-content\/uploads\/2021\/07\/Escaneo-768x576.jpg 768w, https:\/\/tecalitlan.setecmexico.com.mx\/wp-content\/uploads\/2021\/07\/Escaneo-1536x1152.jpg 1536w, https:\/\/tecalitlan.setecmexico.com.mx\/wp-content\/uploads\/2021\/07\/Escaneo-2048x1536.jpg 2048w\" sizes=\"(max-width: 800px) 100vw, 800px\" \/>\t\t\t\t\t\t\t\t\t\t\t\t\t<\/div>\n\t\t\t\t<\/div>\n\t\t\t\t<div class=\"elementor-element elementor-element-79ba12c elementor-widget elementor-widget-text-editor\" data-id=\"79ba12c\" data-element_type=\"widget\" data-widget_type=\"text-editor.default\">\n\t\t\t\t<div class=\"elementor-widget-container\">\n\t\t\t\t\t\t\t<p>Servicio de escaneo de documentos, identificaciones, fotos y m\u00e1s al instante.<\/p>\t\t\t\t\t\t<\/div>\n\t\t\t\t<\/div>\n\t\t\t\t\t<\/div>\n\t\t<\/div>\n\t\t\t\t\t<\/div>\n\t\t<\/section>\n\t\t\t\t<section class=\"elementor-section elementor-top-section elementor-element elementor-element-e945d47 elementor-section-boxed elementor-section-height-default elementor-section-height-default\" data-id=\"e945d47\" data-element_type=\"section\">\n\t\t\t\t\t\t<div class=\"elementor-container elementor-column-gap-default\">\n\t\t\t\t\t<div class=\"elementor-column elementor-col-50 elementor-top-column elementor-element elementor-element-d67aaf3\" data-id=\"d67aaf3\" data-element_type=\"column\">\n\t\t\t<div class=\"elementor-widget-wrap elementor-element-populated\">\n\t\t\t\t\t\t<div class=\"elementor-element elementor-element-e75287f elementor-widget elementor-widget-heading\" data-id=\"e75287f\" data-element_type=\"widget\" data-widget_type=\"heading.default\">\n\t\t\t\t<div class=\"elementor-widget-container\">\n\t\t\t<h3 class=\"elementor-heading-title elementor-size-default\">DISE\u00d1O DIGITAL<\/h3>\t\t<\/div>\n\t\t\t\t<\/div>\n\t\t\t\t<div class=\"elementor-element elementor-element-6e7a4ff elementor-widget elementor-widget-image\" data-id=\"6e7a4ff\" data-element_type=\"widget\" data-widget_type=\"image.default\">\n\t\t\t\t<div class=\"elementor-widget-container\">\n\t\t\t\t\t\t\t\t\t\t\t\t\t<img loading=\"lazy\" decoding=\"async\" width=\"744\" height=\"400\" src=\"https:\/\/tecalitlan.setecmexico.com.mx\/wp-content\/uploads\/2021\/07\/Diseno-digital.jpg\" class=\"attachment-large size-large wp-image-331\" alt=\"ciber en tecalitlan\" srcset=\"https:\/\/tecalitlan.setecmexico.com.mx\/wp-content\/uploads\/2021\/07\/Diseno-digital.jpg 744w, https:\/\/tecalitlan.setecmexico.com.mx\/wp-content\/uploads\/2021\/07\/Diseno-digital-300x161.jpg 300w\" sizes=\"(max-width: 744px) 100vw, 744px\" \/>\t\t\t\t\t\t\t\t\t\t\t\t\t<\/div>\n\t\t\t\t<\/div>\n\t\t\t\t<div class=\"elementor-element elementor-element-c9e1ab7 elementor-widget elementor-widget-text-editor\" data-id=\"c9e1ab7\" data-element_type=\"widget\" data-widget_type=\"text-editor.default\">\n\t\t\t\t<div class=\"elementor-widget-container\">\n\t\t\t\t\t\t\t<p>Ayudamos a nuestros clientes a dise\u00f1ar cualquier tipo de invitaci\u00f3n, esquela, imagen, tipograf\u00eda en digital para cualquier evento; utilizando la tecnolog\u00eda y programas especiales de dise\u00f1o.\u00a0\u00a0<\/p><p>\u00a0<\/p>\t\t\t\t\t\t<\/div>\n\t\t\t\t<\/div>\n\t\t\t\t\t<\/div>\n\t\t<\/div>\n\t\t\t\t<div class=\"elementor-column elementor-col-50 elementor-top-column elementor-element elementor-element-da5f7dc\" data-id=\"da5f7dc\" data-element_type=\"column\">\n\t\t\t<div class=\"elementor-widget-wrap elementor-element-populated\">\n\t\t\t\t\t\t<div class=\"elementor-element elementor-element-2101d24 elementor-widget elementor-widget-heading\" data-id=\"2101d24\" data-element_type=\"widget\" data-widget_type=\"heading.default\">\n\t\t\t\t<div class=\"elementor-widget-container\">\n\t\t\t<h3 class=\"elementor-heading-title elementor-size-default\">PAGINAS WEB Y DOMINIOS<\/h3>\t\t<\/div>\n\t\t\t\t<\/div>\n\t\t\t\t<div class=\"elementor-element elementor-element-1238566 elementor-widget elementor-widget-image\" data-id=\"1238566\" data-element_type=\"widget\" data-widget_type=\"image.default\">\n\t\t\t\t<div class=\"elementor-widget-container\">\n\t\t\t\t\t\t\t\t\t\t\t\t\t<img decoding=\"async\" src=\"https:\/\/tecalitlan.setecmexico.com.mx\/wp-content\/uploads\/elementor\/thumbs\/pagina-web-p9sgk0x8t65wjnhwqscobkzu36e2exqjov2fxklq2g.jpg\" title=\"ciber en tecalitlan\" alt=\"ciber en tecalitlan\" loading=\"lazy\" \/>\t\t\t\t\t\t\t\t\t\t\t\t\t<\/div>\n\t\t\t\t<\/div>\n\t\t\t\t<div class=\"elementor-element elementor-element-19afc55 elementor-widget elementor-widget-text-editor\" data-id=\"19afc55\" data-element_type=\"widget\" data-widget_type=\"text-editor.default\">\n\t\t\t\t<div class=\"elementor-widget-container\">\n\t\t\t\t\t\t\t<p>Dise\u00f1amos la mejor pagina web para su negocio a un excelente precio.\u00a0 Tenemos amplia experiencia en dise\u00f1o y desarrollo de p\u00e1ginas web.<\/p><p>Digitaliza tu negocio e incrementa tus ventas.<\/p><p>\u00a0<\/p>\t\t\t\t\t\t<\/div>\n\t\t\t\t<\/div>\n\t\t\t\t\t<\/div>\n\t\t<\/div>\n\t\t\t\t\t<\/div>\n\t\t<\/section>\n\t\t\t\t<section class=\"elementor-section elementor-top-section elementor-element elementor-element-3e52bca elementor-section-boxed elementor-section-height-default elementor-section-height-default\" data-id=\"3e52bca\" data-element_type=\"section\">\n\t\t\t\t\t\t<div class=\"elementor-container elementor-column-gap-default\">\n\t\t\t\t\t<div class=\"elementor-column elementor-col-100 elementor-top-column elementor-element elementor-element-9403f6b\" data-id=\"9403f6b\" data-element_type=\"column\">\n\t\t\t<div class=\"elementor-widget-wrap\">\n\t\t\t\t\t\t\t<\/div>\n\t\t<\/div>\n\t\t\t\t\t<\/div>\n\t\t<\/section>\n\t\t\t\t<\/div>\n\t\t","protected":false},"excerpt":{"rendered":"<p>SERVICIOS: CIBERCAF\u00c9 Ofrecemos el Servicio de Ciber con la mejor banda ancha de bajada y subida.\u00a0 Realiza tus tareas con maquinas \u00e1giles y de buena velocidad.\u00a0\u00a0 Ven a ver alguna pel\u00edcula en Disney+ y disfruta de un rato agradable. ACTAS DE NACIMIENTO Ofrecemos el Servicio de actas de nacimiento digitalizadas.\u00a0 Ven y podr\u00e1s obtener tu [&hellip;]<\/p>\n","protected":false},"author":1,"featured_media":0,"parent":0,"menu_order":0,"comment_status":"closed","ping_status":"closed","template":"","meta":{"footnotes":""},"_links":{"self":[{"href":"https:\/\/tecalitlan.setecmexico.com.mx\/index.php\/wp-json\/wp\/v2\/pages\/50"}],"collection":[{"href":"https:\/\/tecalitlan.setecmexico.com.mx\/index.php\/wp-json\/wp\/v2\/pages"}],"about":[{"href":"https:\/\/tecalitlan.setecmexico.com.mx\/index.php\/wp-json\/wp\/v2\/types\/page"}],"author":[{"embeddable":true,"href":"https:\/\/tecalitlan.setecmexico.com.mx\/index.php\/wp-json\/wp\/v2\/users\/1"}],"replies":[{"embeddable":true,"href":"https:\/\/tecalitlan.setecmexico.com.mx\/index.php\/wp-json\/wp\/v2\/comments?post=50"}],"version-history":[{"count":28,"href":"https:\/\/tecalitlan.setecmexico.com.mx\/index.php\/wp-json\/wp\/v2\/pages\/50\/revisions"}],"predecessor-version":[{"id":352,"href":"https:\/\/tecalitlan.setecmexico.com.mx\/index.php\/wp-json\/wp\/v2\/pages\/50\/revisions\/352"}],"wp:attachment":[{"href":"https:\/\/tecalitlan.setecmexico.com.mx\/index.php\/wp-json\/wp\/v2\/media?parent=50"}],"curies":[{"name":"wp","href":"https:\/\/api.w.org\/{rel}","templated":true}]}}