{"id":49,"date":"2021-05-01T23:26:25","date_gmt":"2021-05-01T23:26:25","guid":{"rendered":"https:\/\/tecalitlan.setecmexico.com.mx\/?page_id=49"},"modified":"2021-07-13T01:06:39","modified_gmt":"2021-07-13T01:06:39","slug":"productos","status":"publish","type":"page","link":"https:\/\/tecalitlan.setecmexico.com.mx\/index.php\/productos\/","title":{"rendered":"Productos"},"content":{"rendered":"\t\t<div data-elementor-type=\"wp-page\" data-elementor-id=\"49\" class=\"elementor elementor-49\">\n\t\t\t\t\t\t<section class=\"elementor-section elementor-top-section elementor-element elementor-element-857b54e elementor-section-full_width elementor-section-height-default elementor-section-height-default\" data-id=\"857b54e\" data-element_type=\"section\" data-settings=\"{&quot;background_background&quot;:&quot;gradient&quot;}\">\n\t\t\t\t\t\t<div class=\"elementor-container elementor-column-gap-default\">\n\t\t\t\t\t<div class=\"elementor-column elementor-col-100 elementor-top-column elementor-element elementor-element-e45e498\" data-id=\"e45e498\" data-element_type=\"column\">\n\t\t\t<div class=\"elementor-widget-wrap elementor-element-populated\">\n\t\t\t\t\t\t<div class=\"elementor-element elementor-element-23c160c elementor-widget elementor-widget-heading\" data-id=\"23c160c\" data-element_type=\"widget\" data-widget_type=\"heading.default\">\n\t\t\t\t<div class=\"elementor-widget-container\">\n\t\t\t<h2 class=\"elementor-heading-title elementor-size-default\">ARTICULOS DE OFICINA<\/h2>\t\t<\/div>\n\t\t\t\t<\/div>\n\t\t\t\t<div class=\"elementor-element elementor-element-48d3791 elementor-widget elementor-widget-image\" data-id=\"48d3791\" data-element_type=\"widget\" data-widget_type=\"image.default\">\n\t\t\t\t<div class=\"elementor-widget-container\">\n\t\t\t\t\t\t\t\t\t\t\t\t\t<img decoding=\"async\" src=\"https:\/\/tecalitlan.setecmexico.com.mx\/wp-content\/uploads\/elementor\/thumbs\/papeleria3-pa14dp2bosnvyac2350a6x0j2jtj61gtnew5ecoxi8.jpg\" title=\"papeleria en tecalitlan\" alt=\"papeleria en tecalitlan\" loading=\"lazy\" \/>\t\t\t\t\t\t\t\t\t\t\t\t\t<\/div>\n\t\t\t\t<\/div>\n\t\t\t\t<div class=\"elementor-element elementor-element-290ac48 elementor-widget elementor-widget-text-editor\" data-id=\"290ac48\" data-element_type=\"widget\" data-widget_type=\"text-editor.default\">\n\t\t\t\t<div class=\"elementor-widget-container\">\n\t\t\t\t\t\t\t<p>Encontrar\u00e1 amplia variedad de art\u00edculos de oficina ideales para desempe\u00f1ar su trabajo de la forma m\u00e1s eficiente y placentera.<\/p>\t\t\t\t\t\t<\/div>\n\t\t\t\t<\/div>\n\t\t\t\t\t<\/div>\n\t\t<\/div>\n\t\t\t\t\t<\/div>\n\t\t<\/section>\n\t\t\t\t<section class=\"elementor-section elementor-top-section elementor-element elementor-element-b2e5256 elementor-section-full_width elementor-section-height-default elementor-section-height-default\" data-id=\"b2e5256\" data-element_type=\"section\" data-settings=\"{&quot;background_background&quot;:&quot;gradient&quot;}\">\n\t\t\t\t\t\t<div class=\"elementor-container elementor-column-gap-default\">\n\t\t\t\t\t<div class=\"elementor-column elementor-col-100 elementor-top-column elementor-element elementor-element-bf37278\" data-id=\"bf37278\" data-element_type=\"column\">\n\t\t\t<div class=\"elementor-widget-wrap elementor-element-populated\">\n\t\t\t\t\t\t<div class=\"elementor-element elementor-element-8ca6ca8 elementor-widget elementor-widget-heading\" data-id=\"8ca6ca8\" data-element_type=\"widget\" data-widget_type=\"heading.default\">\n\t\t\t\t<div class=\"elementor-widget-container\">\n\t\t\t<h2 class=\"elementor-heading-title elementor-size-default\">ARTICULOS ESCOLARES<\/h2>\t\t<\/div>\n\t\t\t\t<\/div>\n\t\t\t\t<div class=\"elementor-element elementor-element-253533e elementor-widget elementor-widget-image\" data-id=\"253533e\" data-element_type=\"widget\" data-widget_type=\"image.default\">\n\t\t\t\t<div class=\"elementor-widget-container\">\n\t\t\t\t\t\t\t\t\t\t\t\t\t<img fetchpriority=\"high\" decoding=\"async\" width=\"400\" height=\"400\" src=\"https:\/\/tecalitlan.setecmexico.com.mx\/wp-content\/uploads\/2021\/07\/PapeleriaN.jpg\" class=\"attachment-large size-large wp-image-359\" alt=\"papeleria en tecalitlan\" srcset=\"https:\/\/tecalitlan.setecmexico.com.mx\/wp-content\/uploads\/2021\/07\/PapeleriaN.jpg 400w, https:\/\/tecalitlan.setecmexico.com.mx\/wp-content\/uploads\/2021\/07\/PapeleriaN-300x300.jpg 300w, https:\/\/tecalitlan.setecmexico.com.mx\/wp-content\/uploads\/2021\/07\/PapeleriaN-150x150.jpg 150w\" sizes=\"(max-width: 400px) 100vw, 400px\" \/>\t\t\t\t\t\t\t\t\t\t\t\t\t<\/div>\n\t\t\t\t<\/div>\n\t\t\t\t<div class=\"elementor-element elementor-element-7f462a2 elementor-widget elementor-widget-text-editor\" data-id=\"7f462a2\" data-element_type=\"widget\" data-widget_type=\"text-editor.default\">\n\t\t\t\t<div class=\"elementor-widget-container\">\n\t\t\t\t\t\t\t<p>Conoce la amplia variedad de productos escolares para este regreso a clases.\u00a0 Tenemos mochilas, lonchera, lapiceros, estuches y mucho m\u00e1s.\u00a0<\/p>\t\t\t\t\t\t<\/div>\n\t\t\t\t<\/div>\n\t\t\t\t\t<\/div>\n\t\t<\/div>\n\t\t\t\t\t<\/div>\n\t\t<\/section>\n\t\t\t\t<section class=\"elementor-section elementor-top-section elementor-element elementor-element-a430af6 elementor-section-full_width elementor-section-height-default elementor-section-height-default\" data-id=\"a430af6\" data-element_type=\"section\" data-settings=\"{&quot;background_background&quot;:&quot;gradient&quot;}\">\n\t\t\t\t\t\t\t<div class=\"elementor-background-overlay\"><\/div>\n\t\t\t\t\t\t\t<div class=\"elementor-container elementor-column-gap-default\">\n\t\t\t\t\t<div class=\"elementor-column elementor-col-100 elementor-top-column elementor-element elementor-element-fb52e7e\" data-id=\"fb52e7e\" data-element_type=\"column\" data-settings=\"{&quot;background_background&quot;:&quot;gradient&quot;}\">\n\t\t\t<div class=\"elementor-widget-wrap elementor-element-populated\">\n\t\t\t\t\t\t<div class=\"elementor-element elementor-element-a7d5c27 elementor-widget elementor-widget-heading\" data-id=\"a7d5c27\" data-element_type=\"widget\" data-widget_type=\"heading.default\">\n\t\t\t\t<div class=\"elementor-widget-container\">\n\t\t\t<h2 class=\"elementor-heading-title elementor-size-default\">TECNOLOG\u00cdA, ACCESORIOS Y COMPUTO<\/h2>\t\t<\/div>\n\t\t\t\t<\/div>\n\t\t\t\t<div class=\"elementor-element elementor-element-922c1b9 elementor-widget elementor-widget-image\" data-id=\"922c1b9\" data-element_type=\"widget\" data-widget_type=\"image.default\">\n\t\t\t\t<div class=\"elementor-widget-container\">\n\t\t\t\t\t\t\t\t\t\t\t\t\t<img decoding=\"async\" width=\"512\" height=\"317\" src=\"https:\/\/tecalitlan.setecmexico.com.mx\/wp-content\/uploads\/2021\/07\/tecnologia-y-accesorios.jpg\" class=\"attachment-large size-large wp-image-361\" alt=\"ciber en tecalitlan\" srcset=\"https:\/\/tecalitlan.setecmexico.com.mx\/wp-content\/uploads\/2021\/07\/tecnologia-y-accesorios.jpg 512w, https:\/\/tecalitlan.setecmexico.com.mx\/wp-content\/uploads\/2021\/07\/tecnologia-y-accesorios-300x186.jpg 300w\" sizes=\"(max-width: 512px) 100vw, 512px\" \/>\t\t\t\t\t\t\t\t\t\t\t\t\t<\/div>\n\t\t\t\t<\/div>\n\t\t\t\t<div class=\"elementor-element elementor-element-e04fb92 elementor-widget elementor-widget-text-editor\" data-id=\"e04fb92\" data-element_type=\"widget\" data-widget_type=\"text-editor.default\">\n\t\t\t\t<div class=\"elementor-widget-container\">\n\t\t\t\t\t\t\t<p>Encuentra accesorios para computadora, cables usb, red, mouse, c\u00e1maras web, adaptadores, switches,\u00a0 memorias, usbs, aud\u00edfonos, tintas, toners, case para discos duros, monitores, teclados, aire comprimido, alcohol isoprop\u00edlico y m\u00e1s.<\/p>\t\t\t\t\t\t<\/div>\n\t\t\t\t<\/div>\n\t\t\t\t\t<\/div>\n\t\t<\/div>\n\t\t\t\t\t<\/div>\n\t\t<\/section>\n\t\t\t\t<\/div>\n\t\t","protected":false},"excerpt":{"rendered":"<p>ARTICULOS DE OFICINA Encontrar\u00e1 amplia variedad de art\u00edculos de oficina ideales para desempe\u00f1ar su trabajo de la forma m\u00e1s eficiente y placentera. ARTICULOS ESCOLARES Conoce la amplia variedad de productos escolares para este regreso a clases.\u00a0 Tenemos mochilas, lonchera, lapiceros, estuches y mucho m\u00e1s.\u00a0 TECNOLOG\u00cdA, ACCESORIOS Y COMPUTO Encuentra accesorios para computadora, cables usb, red, [&hellip;]<\/p>\n","protected":false},"author":1,"featured_media":0,"parent":0,"menu_order":0,"comment_status":"closed","ping_status":"closed","template":"","meta":{"footnotes":""},"_links":{"self":[{"href":"https:\/\/tecalitlan.setecmexico.com.mx\/index.php\/wp-json\/wp\/v2\/pages\/49"}],"collection":[{"href":"https:\/\/tecalitlan.setecmexico.com.mx\/index.php\/wp-json\/wp\/v2\/pages"}],"about":[{"href":"https:\/\/tecalitlan.setecmexico.com.mx\/index.php\/wp-json\/wp\/v2\/types\/page"}],"author":[{"embeddable":true,"href":"https:\/\/tecalitlan.setecmexico.com.mx\/index.php\/wp-json\/wp\/v2\/users\/1"}],"replies":[{"embeddable":true,"href":"https:\/\/tecalitlan.setecmexico.com.mx\/index.php\/wp-json\/wp\/v2\/comments?post=49"}],"version-history":[{"count":10,"href":"https:\/\/tecalitlan.setecmexico.com.mx\/index.php\/wp-json\/wp\/v2\/pages\/49\/revisions"}],"predecessor-version":[{"id":367,"href":"https:\/\/tecalitlan.setecmexico.com.mx\/index.php\/wp-json\/wp\/v2\/pages\/49\/revisions\/367"}],"wp:attachment":[{"href":"https:\/\/tecalitlan.setecmexico.com.mx\/index.php\/wp-json\/wp\/v2\/media?parent=49"}],"curies":[{"name":"wp","href":"https:\/\/api.w.org\/{rel}","templated":true}]}}